{"id":11,"date":"2024-04-29T14:28:16","date_gmt":"2024-04-29T14:28:16","guid":{"rendered":"https:\/\/associaciopupila.org\/?page_id=11"},"modified":"2024-07-03T17:31:05","modified_gmt":"2024-07-03T17:31:05","slug":"contacte","status":"publish","type":"page","link":"https:\/\/associaciopupila.org\/index.php\/contacte\/","title":{"rendered":"Contacte"},"content":{"rendered":"<div class=\"wpb-content-wrapper\"><p>[vc_section full_width=&#8221;stretch_row&#8221; css=&#8221;.vc_custom_1720027702858{background-color: #ededfc !important;}&#8221;][vc_row gap=&#8221;20&#8243;][vc_column width=&#8221;1\/2&#8243;][vc_column_text css=&#8221;.vc_custom_1720026117155{margin-top: -10px !important;}&#8221;]<\/p>\n<h2>Tens alguna pregunta per a nosaltres?<\/h2>\n<p>[\/vc_column_text][vc_column_text css=&#8221;.vc_custom_1720026070950{margin-top: -20px !important;margin-right: 10px !important;}&#8221;]Omple el nostre formulari i ens posarem en contacte amb tu.[\/vc_column_text][vc_row_inner][vc_column_inner css=&#8221;.vc_custom_1720027721146{margin-top: -30px !important;margin-bottom: 30px !important;}&#8221;][vc_column_text css=&#8221;.vc_custom_1720027865047{margin-bottom: -20px !important;}&#8221;]<\/p>\n<p style=\"text-align: left;\">\n<div class=\"wpcf7 no-js\" id=\"wpcf7-f401-o1\" lang=\"es-ES\" dir=\"ltr\">\n<div class=\"screen-reader-response\"><p role=\"status\" aria-live=\"polite\" aria-atomic=\"true\"><\/p> <ul><\/ul><\/div>\n<form action=\"\/index.php\/wp-json\/wp\/v2\/pages\/11#wpcf7-f401-o1\" method=\"post\" class=\"wpcf7-form init\" aria-label=\"Formulario de contacto\" novalidate=\"novalidate\" data-status=\"init\">\n<div style=\"display: none;\">\n<input type=\"hidden\" name=\"_wpcf7\" value=\"401\" \/>\n<input type=\"hidden\" name=\"_wpcf7_version\" value=\"5.9.6\" \/>\n<input type=\"hidden\" name=\"_wpcf7_locale\" value=\"es_ES\" \/>\n<input type=\"hidden\" name=\"_wpcf7_unit_tag\" value=\"wpcf7-f401-o1\" \/>\n<input type=\"hidden\" name=\"_wpcf7_container_post\" value=\"0\" \/>\n<input type=\"hidden\" name=\"_wpcf7_posted_data_hash\" value=\"\" \/>\n<\/div>\n<p><label> El teu nom<br \/>\n<span class=\"wpcf7-form-control-wrap\" data-name=\"your-name\"><input size=\"40\" maxlength=\"80\" class=\"wpcf7-form-control wpcf7-text wpcf7-validates-as-required\" autocomplete=\"name\" aria-required=\"true\" aria-invalid=\"false\" value=\"\" type=\"text\" name=\"your-name\" \/><\/span> <\/label>\n<\/p>\n<p><label> El teu correu electr\u00f2nic<br \/>\n<span class=\"wpcf7-form-control-wrap\" data-name=\"your-email\"><input size=\"40\" maxlength=\"80\" class=\"wpcf7-form-control wpcf7-email wpcf7-validates-as-required wpcf7-text wpcf7-validates-as-email\" autocomplete=\"email\" aria-required=\"true\" aria-invalid=\"false\" value=\"\" type=\"email\" name=\"your-email\" \/><\/span> <\/label>\n<\/p>\n<p><label> Assumpte<br \/>\n<span class=\"wpcf7-form-control-wrap\" data-name=\"your-subject\"><input size=\"40\" maxlength=\"80\" class=\"wpcf7-form-control wpcf7-text wpcf7-validates-as-required\" aria-required=\"true\" aria-invalid=\"false\" value=\"\" type=\"text\" name=\"your-subject\" \/><\/span> <\/label>\n<\/p>\n<p><label> El teu missatge<br \/>\n<span class=\"wpcf7-form-control-wrap\" data-name=\"your-message\"><textarea cols=\"40\" rows=\"10\" maxlength=\"400\" class=\"wpcf7-form-control wpcf7-textarea\" aria-invalid=\"false\" name=\"your-message\"><\/textarea><\/span> <\/label>\n<\/p>\n<p><input class=\"wpcf7-form-control wpcf7-submit has-spinner\" type=\"submit\" value=\"Enviar\" \/>\n<\/p><div class=\"wpcf7-response-output\" aria-hidden=\"true\"><\/div>\n<\/form>\n<\/div>\n<p>[\/vc_column_text][\/vc_column_inner][\/vc_row_inner][\/vc_column][vc_column width=&#8221;1\/2&#8243;][vc_column_text css=&#8221;.vc_custom_1720027527994{margin-top: -10px !important;}&#8221;]<\/p>\n<h2>Contactes de refer\u00e8ncia entorn les viol\u00e8ncies masclistes:<\/h2>\n<p>[\/vc_column_text][vc_row_inner css=&#8221;.vc_custom_1720025734391{background-color: #443680 !important;border-radius: 4px !important;}&#8221;][vc_column_inner css=&#8221;.vc_custom_1720027816285{margin-top: -10px !important;}&#8221;][vc_column_text css=&#8221;.vc_custom_1720027749875{margin-right: 10px !important;margin-bottom: 30px !important;margin-left: 10px !important;}&#8221;]<span style=\"color: #ffffff;\">Si el risc \u00e9s inminent i la teva integritat corre perill: truca al <strong>112<\/strong><\/span><\/p>\n<p><span style=\"color: #ffffff;\">Si necessites atenci\u00f3 i orientaci\u00f3 sobre les viol\u00e8ncies masclistes truca al: <strong>900900120<\/strong><\/span><\/p>\n<p><span style=\"color: #ffffff;\">Per assessorament en cas de viol\u00e8ncies masclistes i per fer el proc\u00e9s d\u2019identificaci\u00f3 i\/o sortida, <strong>contactar amb el SIAD que et correspongui<\/strong> segons on visquis. <a style=\"color: #ffffff;\" href=\"http:\/\/Si el risc \u00e9s inminent i la teva integritat corre perill: truca al 112 Si necessites atenci\u00f3 i orientaci\u00f3 sobre les viol\u00e8ncies masclistes truca al: 900900120 Per assessorament en cas de viol\u00e8ncies masclistes i per fer el proc\u00e9s d\u2019identificaci\u00f3 i\/o sortida, contactar amb el SIAD que et correspongui segons on visquis: https:\/\/dones.gencat.cat\/ca\/ambits\/atencio-a-les-dones\/mapa_siad.\"><strong>Clica aqu\u00ed per a m\u00e9s informaci\u00f3.<\/strong><\/a><\/span>[\/vc_column_text][\/vc_column_inner][\/vc_row_inner][\/vc_column][\/vc_row][\/vc_section][vc_section full_width=&#8221;stretch_row&#8221; css=&#8221;.vc_custom_1720015835400{background-color: #743180 !important;}&#8221;][vc_row css=&#8221;.vc_custom_1719916983723{margin-top: 40px !important;}&#8221;][vc_column css=&#8221;.vc_custom_1720027768310{margin-top: 30px !important;}&#8221;][vc_column_text css=&#8221;.vc_custom_1719917225633{margin-right: 20px !important;margin-left: 20px !important;}&#8221;]<\/p>\n<h2 class=\"has-text-align-center has-text-color\" style=\"color: #121212; text-align: center;\"><span style=\"color: #ffffff;\">A trav\u00e9s del f\u00f2rum, pots compartir les teves experi\u00e8ncies i trobar suport entre iguals<\/span><\/h2>\n<p>[\/vc_column_text][\/vc_column][\/vc_row][vc_row css=&#8221;.vc_custom_1719917021949{margin-bottom: 50px !important;}&#8221;][vc_column css=&#8221;.vc_custom_1719917037358{margin-top: -10px !important;}&#8221;][vc_btn title=&#8221;PARTICIPA AL F\u00d2RUM&#8221; style=&#8221;outline&#8221; shape=&#8221;square&#8221; color=&#8221;white&#8221; size=&#8221;lg&#8221; align=&#8221;center&#8221; link=&#8221;url:https%3A%2F%2Fassociaciopupila.org%2Findex.php%2Fforum%2F&#8221;][\/vc_column][\/vc_row][\/vc_section]<\/p>\n<\/div>","protected":false},"excerpt":{"rendered":"<p>[vc_section full_width=&#8221;stretch_row&#8221; css=&#8221;.vc_custom_1720027702858{background-color: #ededfc !important;}&#8221;][vc_row gap=&#8221;20&#8243;][vc_column width=&#8221;1\/2&#8243;][vc_column_text css=&#8221;.vc_custom_1720026117155{margin-top: -10px !important;}&#8221;] Tens alguna pregunta per a nosaltres? [\/vc_column_text][vc_column_text css=&#8221;.vc_custom_1720026070950{margin-top: -20px !important;margin-right: 10px !important;}&#8221;]Omple el nostre formulari i ens posarem en contacte amb tu.[\/vc_column_text][vc_row_inner][vc_column_inner css=&#8221;.vc_custom_1720027721146{margin-top: -30px !important;margin-bottom: 30px !important;}&#8221;][vc_column_text css=&#8221;.vc_custom_1720027865047{margin-bottom: -20px !important;}&#8221;] [\/vc_column_text][\/vc_column_inner][\/vc_row_inner][\/vc_column][vc_column width=&#8221;1\/2&#8243;][vc_column_text css=&#8221;.vc_custom_1720027527994{margin-top: -10px !important;}&#8221;] Contactes de refer\u00e8ncia entorn les viol\u00e8ncies masclistes: [\/vc_column_text][vc_row_inner css=&#8221;.vc_custom_1720025734391{background-color: #443680&hellip;&nbsp;<a href=\"https:\/\/associaciopupila.org\/index.php\/contacte\/\" class=\"\" rel=\"bookmark\">Llegiu m\u00e9s &raquo;<span class=\"screen-reader-text\">Contacte<\/span><\/a><\/p>\n","protected":false},"author":1,"featured_media":0,"parent":0,"menu_order":0,"comment_status":"closed","ping_status":"closed","template":"","meta":{"_bbp_topic_count":0,"_bbp_reply_count":0,"_bbp_total_topic_count":0,"_bbp_total_reply_count":0,"_bbp_voice_count":0,"_bbp_anonymous_reply_count":0,"_bbp_topic_count_hidden":0,"_bbp_reply_count_hidden":0,"_bbp_forum_subforum_count":0,"neve_meta_sidebar":"","neve_meta_container":"","neve_meta_enable_content_width":"on","neve_meta_content_width":100,"neve_meta_title_alignment":"","neve_meta_author_avatar":"","neve_post_elements_order":"","neve_meta_disable_header":"","neve_meta_disable_footer":"","neve_meta_disable_title":"on","_themeisle_gutenberg_block_has_review":false,"footnotes":""},"class_list":["post-11","page","type-page","status-publish","hentry"],"_links":{"self":[{"href":"https:\/\/associaciopupila.org\/index.php\/wp-json\/wp\/v2\/pages\/11","targetHints":{"allow":["GET"]}}],"collection":[{"href":"https:\/\/associaciopupila.org\/index.php\/wp-json\/wp\/v2\/pages"}],"about":[{"href":"https:\/\/associaciopupila.org\/index.php\/wp-json\/wp\/v2\/types\/page"}],"author":[{"embeddable":true,"href":"https:\/\/associaciopupila.org\/index.php\/wp-json\/wp\/v2\/users\/1"}],"replies":[{"embeddable":true,"href":"https:\/\/associaciopupila.org\/index.php\/wp-json\/wp\/v2\/comments?post=11"}],"version-history":[{"count":88,"href":"https:\/\/associaciopupila.org\/index.php\/wp-json\/wp\/v2\/pages\/11\/revisions"}],"predecessor-version":[{"id":1280,"href":"https:\/\/associaciopupila.org\/index.php\/wp-json\/wp\/v2\/pages\/11\/revisions\/1280"}],"wp:attachment":[{"href":"https:\/\/associaciopupila.org\/index.php\/wp-json\/wp\/v2\/media?parent=11"}],"curies":[{"name":"wp","href":"https:\/\/api.w.org\/{rel}","templated":true}]}}