{"id":1479,"date":"2024-07-11T08:02:36","date_gmt":"2024-07-11T08:02:36","guid":{"rendered":"https:\/\/associaciopupila.org\/?page_id=1479"},"modified":"2024-07-16T11:07:42","modified_gmt":"2024-07-16T11:07:42","slug":"forum","status":"publish","type":"page","link":"https:\/\/associaciopupila.org\/index.php\/forum\/","title":{"rendered":"F\u00f2rum"},"content":{"rendered":"<div class=\"wpb-content-wrapper\"><p>[vc_section full_width=&#8221;stretch_row&#8221; css=&#8221;.vc_custom_1720703713146{margin-bottom: 20px !important;background-color: #ededfc !important;}&#8221;][vc_row css=&#8221;.vc_custom_1719939998260{margin-top: 20px !important;margin-bottom: 20px !important;}&#8221;][vc_column css=&#8221;.vc_custom_1719939238132{margin-top: -2px !important;}&#8221;][vc_column_text css=&#8221;.vc_custom_1720609781032{margin-top: -10px !important;}&#8221;]<\/p>\n<h2 style=\"text-align: left;\"><span style=\"color: #443697;\">F\u00f2rum virtual entorn les viol\u00e8ncies masclistes<\/span><\/h2>\n<p>[\/vc_column_text][vc_column_text css=&#8221;.vc_custom_1720703835394{margin-top: -20px !important;border-bottom-width: -5px !important;padding-bottom: -5px !important;}&#8221;]<\/p>\n<h3 style=\"text-align: left;\"><strong>Us animem a participar, a respondre amb empatia i a crear plegades un entorn de suport, d\u2019empoderament i de cura<\/strong><\/h3>\n<p>[\/vc_column_text][\/vc_column][\/vc_row][\/vc_section][vc_row][vc_column width=&#8221;2\/3&#8243;][vc_column_text]\n<div id=\"bbpress-forums\" class=\"bbpress-wrapper\">\n\n\t\n\t<div class=\"bbp-breadcrumb\"><p><a href=\"https:\/\/associaciopupila.org\" class=\"bbp-breadcrumb-home\">Home<\/a> <span class=\"bbp-breadcrumb-sep\">&rsaquo;<\/span> <a href=\"https:\/\/associaciopupila.org\/index.php\/foro\/\" class=\"bbp-breadcrumb-root\">F\u00f2rums<\/a> <span class=\"bbp-breadcrumb-sep\">&rsaquo;<\/span> <span class=\"bbp-breadcrumb-current\">Temes<\/span><\/p><\/div>\n\t\n\t\n\t\n\t\n\t\n\t\t\n<div class=\"bbp-pagination\">\n\t<div class=\"bbp-pagination-count\">S&#039;est\u00e0 mostrant 4 temes - del 1 al 4 (d&#039;un total de 4)<\/div>\n\t<div class=\"bbp-pagination-links\"><\/div>\n<\/div>\n\n\n\t\t\n<ul id=\"bbp-forum-0\" class=\"bbp-topics\">\n\t<li class=\"bbp-header\">\n\t\t<ul class=\"forum-titles\">\n\t\t\t<li class=\"bbp-topic-title\">Tema<\/li>\n\t\t\t<li class=\"bbp-topic-voice-count\">Resposta<\/li>\n\t\t\t<li class=\"bbp-topic-reply-count\">Posts<\/li>\n\t\t\t<li class=\"bbp-topic-freshness\">Darrera entrada<\/li>\n\t\t<\/ul>\n\t<\/li>\n\n\t<li class=\"bbp-body\">\n\n\t\t\n\t\t\t\n<ul id=\"bbp-topic-1687\" class=\"loop-item-0 user-id-33 bbp-parent-forum-1503 odd  post-1687 topic type-topic status-publish hentry\">\n\t<li class=\"bbp-topic-title\">\n\n\t\t\n\t\t\n\t\t<a class=\"bbp-topic-permalink\" href=\"https:\/\/associaciopupila.org\/index.php\/foro\/debat\/aun-no-se-como-lo-he-conseguido\/\">A\u00fan no s\u00e9 c\u00f3mo lo he conseguido&#8230;<\/a>\n\n\t\t\n\t\t\n\t\t\n\t\t<p class=\"bbp-topic-meta\">\n\n\t\t\t\n\t\t\t<span class=\"bbp-topic-started-by\">Iniciat per: <a href=\"https:\/\/associaciopupila.org\/index.php\/foro\/usuaris\/ninnar\/\" title=\"Visualitza el perfil de NinnaR\" class=\"bbp-author-link\"><span  class=\"bbp-author-avatar\"><img alt='' src='https:\/\/secure.gravatar.com\/avatar\/5481d2cbfdca4fa6f7a4330e2c8519173c64cf9c26530c4f4a72492f2b649e26?s=14&#038;d=mm&#038;r=g' srcset='https:\/\/secure.gravatar.com\/avatar\/5481d2cbfdca4fa6f7a4330e2c8519173c64cf9c26530c4f4a72492f2b649e26?s=28&#038;d=mm&#038;r=g 2x' class='avatar avatar-14 photo' height='14' width='14' \/><\/span><span  class=\"bbp-author-name\">NinnaR<\/span><\/a><\/span>\n\n\t\t\t\n\t\t\t\n\t\t\t\t\n\t\t\t\t<span class=\"bbp-topic-started-in\">en: <a href=\"https:\/\/associaciopupila.org\/index.php\/foro\/forum\/forum-violencies-masclistes\/\">F\u00f2rum viol\u00e8ncies masclistes<\/a><\/span>\n\t\t\t\t\n\t\t\t\n\t\t<\/p>\n\n\t\t\n\t\t\n\t<\/li>\n\n\t<li class=\"bbp-topic-voice-count\">2<\/li>\n\n\t<li class=\"bbp-topic-reply-count\">2<\/li>\n\n\t<li class=\"bbp-topic-freshness\">\n\n\t\t\n\t\t<a href=\"https:\/\/associaciopupila.org\/index.php\/foro\/debat\/aun-no-se-como-lo-he-conseguido\/#post-1691\" title=\"Resposta a: A\u00fan no s\u00e9 c\u00f3mo lo he conseguido&#8230;\">fa 1 any, 6 mesos<\/a>\n\t\t\n\t\t<p class=\"bbp-topic-meta\">\n\n\t\t\t\n\t\t\t<span class=\"bbp-topic-freshness-author\"><a href=\"https:\/\/associaciopupila.org\/index.php\/foro\/usuaris\/admin-2-2-2-2-2-2-2-2-2-2-2-2-2-2-2-2-2-2-2-2-2--2\/\" title=\"Visualitza el perfil de admin\" class=\"bbp-author-link\"><span  class=\"bbp-author-avatar\"><img alt='' src='https:\/\/secure.gravatar.com\/avatar\/52132ae2067e56786471dc308a1d53edfb017f7f3e8a176779bc18bb6144bb1e?s=14&#038;d=mm&#038;r=g' srcset='https:\/\/secure.gravatar.com\/avatar\/52132ae2067e56786471dc308a1d53edfb017f7f3e8a176779bc18bb6144bb1e?s=28&#038;d=mm&#038;r=g 2x' class='avatar avatar-14 photo' height='14' width='14' \/><\/span><span  class=\"bbp-author-name\">admin<\/span><\/a><\/span>\n\n\t\t\t\n\t\t<\/p>\n\t<\/li>\n<\/ul><!-- #bbp-topic-1687 -->\n\n\t\t\n\t\t\t\n<ul id=\"bbp-topic-1688\" class=\"loop-item-1 user-id-35 bbp-parent-forum-1503 even  post-1688 topic type-topic status-publish hentry\">\n\t<li class=\"bbp-topic-title\">\n\n\t\t\n\t\t\n\t\t<a class=\"bbp-topic-permalink\" href=\"https:\/\/associaciopupila.org\/index.php\/foro\/debat\/agressio-sexual-maltractador-psicologic\/\">Agressi\u00f3 sexual? Maltractador psicol\u00f2gic?<\/a>\n\n\t\t\n\t\t\n\t\t\n\t\t<p class=\"bbp-topic-meta\">\n\n\t\t\t\n\t\t\t<span class=\"bbp-topic-started-by\">Iniciat per: <a href=\"https:\/\/associaciopupila.org\/index.php\/foro\/usuaris\/aneta_vilahotmail-com\/\" title=\"Visualitza el perfil de aneta\" class=\"bbp-author-link\"><span  class=\"bbp-author-avatar\"><img alt='' src='https:\/\/secure.gravatar.com\/avatar\/3e63a9ffaba0822ae366f50a2b7f01e4538ff27cb08279509fddb5453ce8e43d?s=14&#038;d=mm&#038;r=g' srcset='https:\/\/secure.gravatar.com\/avatar\/3e63a9ffaba0822ae366f50a2b7f01e4538ff27cb08279509fddb5453ce8e43d?s=28&#038;d=mm&#038;r=g 2x' class='avatar avatar-14 photo' height='14' width='14' \/><\/span><span  class=\"bbp-author-name\">aneta<\/span><\/a><\/span>\n\n\t\t\t\n\t\t\t\n\t\t\t\t\n\t\t\t\t<span class=\"bbp-topic-started-in\">en: <a href=\"https:\/\/associaciopupila.org\/index.php\/foro\/forum\/forum-violencies-masclistes\/\">F\u00f2rum viol\u00e8ncies masclistes<\/a><\/span>\n\t\t\t\t\n\t\t\t\n\t\t<\/p>\n\n\t\t\n\t\t\n\t<\/li>\n\n\t<li class=\"bbp-topic-voice-count\">2<\/li>\n\n\t<li class=\"bbp-topic-reply-count\">2<\/li>\n\n\t<li class=\"bbp-topic-freshness\">\n\n\t\t\n\t\t<a href=\"https:\/\/associaciopupila.org\/index.php\/foro\/debat\/agressio-sexual-maltractador-psicologic\/#post-1690\" title=\"Resposta a: Agressi\u00f3 sexual? Maltractador psicol\u00f2gic?\">fa 1 any, 6 mesos<\/a>\n\t\t\n\t\t<p class=\"bbp-topic-meta\">\n\n\t\t\t\n\t\t\t<span class=\"bbp-topic-freshness-author\"><a href=\"https:\/\/associaciopupila.org\/index.php\/foro\/usuaris\/admin-2-2-2-2-2-2-2-2-2-2-2-2-2-2-2-2-2-2-2-2-2--2\/\" title=\"Visualitza el perfil de admin\" class=\"bbp-author-link\"><span  class=\"bbp-author-avatar\"><img alt='' src='https:\/\/secure.gravatar.com\/avatar\/52132ae2067e56786471dc308a1d53edfb017f7f3e8a176779bc18bb6144bb1e?s=14&#038;d=mm&#038;r=g' srcset='https:\/\/secure.gravatar.com\/avatar\/52132ae2067e56786471dc308a1d53edfb017f7f3e8a176779bc18bb6144bb1e?s=28&#038;d=mm&#038;r=g 2x' class='avatar avatar-14 photo' height='14' width='14' \/><\/span><span  class=\"bbp-author-name\">admin<\/span><\/a><\/span>\n\n\t\t\t\n\t\t<\/p>\n\t<\/li>\n<\/ul><!-- #bbp-topic-1688 -->\n\n\t\t\n\t\t\t\n<ul id=\"bbp-topic-582\" class=\"loop-item-2 user-id-1 bbp-parent-forum-0 odd  post-582 topic type-topic status-publish hentry\">\n\t<li class=\"bbp-topic-title\">\n\n\t\t\n\t\t\n\t\t<a class=\"bbp-topic-permalink\" href=\"https:\/\/associaciopupila.org\/index.php\/foro\/debat\/histories-supervivencia\/\">Experi\u00e8ncies personals<\/a>\n\n\t\t\n\t\t\n\t\t\n\t\t<p class=\"bbp-topic-meta\">\n\n\t\t\t\n\t\t\t<span class=\"bbp-topic-started-by\">Iniciat per: <a href=\"https:\/\/associaciopupila.org\/index.php\/foro\/usuaris\/admin-2-2-2-2-2-2-2-2-2-2-2-2-2-2-2-2-2-2-2-2-2--2\/\" title=\"Visualitza el perfil de admin\" class=\"bbp-author-link\"><span  class=\"bbp-author-avatar\"><img alt='' src='https:\/\/secure.gravatar.com\/avatar\/52132ae2067e56786471dc308a1d53edfb017f7f3e8a176779bc18bb6144bb1e?s=14&#038;d=mm&#038;r=g' srcset='https:\/\/secure.gravatar.com\/avatar\/52132ae2067e56786471dc308a1d53edfb017f7f3e8a176779bc18bb6144bb1e?s=28&#038;d=mm&#038;r=g 2x' class='avatar avatar-14 photo' height='14' width='14' \/><\/span><span  class=\"bbp-author-name\">admin<\/span><\/a><\/span>\n\n\t\t\t\n\t\t\t\n\t\t\t\t\n\t\t\t\t<span class=\"bbp-topic-started-in\">en: <a href=\"https:\/\/associaciopupila.org\/index.php\/foro\/debat\/histories-supervivencia\/\">Experi\u00e8ncies personals<\/a><\/span>\n\t\t\t\t\n\t\t\t\n\t\t<\/p>\n\n\t\t\n\t\t\n\t<\/li>\n\n\t<li class=\"bbp-topic-voice-count\">6<\/li>\n\n\t<li class=\"bbp-topic-reply-count\">11<\/li>\n\n\t<li class=\"bbp-topic-freshness\">\n\n\t\t\n\t\t<a href=\"https:\/\/associaciopupila.org\/index.php\/foro\/debat\/histories-supervivencia\/#post-1686\" title=\"Resposta a: Experi\u00e8ncies personals\">fa 1 any, 8 mesos<\/a>\n\t\t\n\t\t<p class=\"bbp-topic-meta\">\n\n\t\t\t\n\t\t\t<span class=\"bbp-topic-freshness-author\"><a href=\"https:\/\/associaciopupila.org\/index.php\/foro\/usuaris\/marta81\/\" title=\"Visualitza el perfil de Marta81\" class=\"bbp-author-link\"><span  class=\"bbp-author-avatar\"><img alt='' src='https:\/\/secure.gravatar.com\/avatar\/9abc6294a508af32045acfd81c662525d828b3d409f23a4246796a51fcde94fc?s=14&#038;d=mm&#038;r=g' srcset='https:\/\/secure.gravatar.com\/avatar\/9abc6294a508af32045acfd81c662525d828b3d409f23a4246796a51fcde94fc?s=28&#038;d=mm&#038;r=g 2x' class='avatar avatar-14 photo' height='14' width='14' \/><\/span><span  class=\"bbp-author-name\">Marta81<\/span><\/a><\/span>\n\n\t\t\t\n\t\t<\/p>\n\t<\/li>\n<\/ul><!-- #bbp-topic-582 -->\n\n\t\t\n\t\t\t\n<ul id=\"bbp-topic-1475\" class=\"loop-item-3 user-id-1 bbp-parent-forum-0 even  post-1475 topic type-topic status-publish hentry\">\n\t<li class=\"bbp-topic-title\">\n\n\t\t\n\t\t\n\t\t<a class=\"bbp-topic-permalink\" href=\"https:\/\/associaciopupila.org\/index.php\/foro\/debat\/rol-dels-amics-amigues-i-familiars\/\">Rol dels amics i la fam\u00edlia<\/a>\n\n\t\t\n\t\t\n\t\t\n\t\t<p class=\"bbp-topic-meta\">\n\n\t\t\t\n\t\t\t<span class=\"bbp-topic-started-by\">Iniciat per: <a href=\"https:\/\/associaciopupila.org\/index.php\/foro\/usuaris\/admin-2-2-2-2-2-2-2-2-2-2-2-2-2-2-2-2-2-2-2-2-2--2\/\" title=\"Visualitza el perfil de admin\" class=\"bbp-author-link\"><span  class=\"bbp-author-avatar\"><img alt='' src='https:\/\/secure.gravatar.com\/avatar\/52132ae2067e56786471dc308a1d53edfb017f7f3e8a176779bc18bb6144bb1e?s=14&#038;d=mm&#038;r=g' srcset='https:\/\/secure.gravatar.com\/avatar\/52132ae2067e56786471dc308a1d53edfb017f7f3e8a176779bc18bb6144bb1e?s=28&#038;d=mm&#038;r=g 2x' class='avatar avatar-14 photo' height='14' width='14' \/><\/span><span  class=\"bbp-author-name\">admin<\/span><\/a><\/span>\n\n\t\t\t\n\t\t\t\n\t\t\t\t\n\t\t\t\t<span class=\"bbp-topic-started-in\">en: <a href=\"https:\/\/associaciopupila.org\/index.php\/foro\/debat\/rol-dels-amics-amigues-i-familiars\/\">Rol dels amics i la fam\u00edlia<\/a><\/span>\n\t\t\t\t\n\t\t\t\n\t\t<\/p>\n\n\t\t\n\t\t\n\t<\/li>\n\n\t<li class=\"bbp-topic-voice-count\">4<\/li>\n\n\t<li class=\"bbp-topic-reply-count\">4<\/li>\n\n\t<li class=\"bbp-topic-freshness\">\n\n\t\t\n\t\t<a href=\"https:\/\/associaciopupila.org\/index.php\/foro\/debat\/rol-dels-amics-amigues-i-familiars\/#post-1628\" title=\"Resposta a: Rol dels amics i la fam\u00edlia\">fa 1 any, 9 mesos<\/a>\n\t\t\n\t\t<p class=\"bbp-topic-meta\">\n\n\t\t\t\n\t\t\t<span class=\"bbp-topic-freshness-author\"><a href=\"https:\/\/associaciopupila.org\/index.php\/foro\/usuaris\/berta\/\" title=\"Visualitza el perfil de berta\" class=\"bbp-author-link\"><span  class=\"bbp-author-avatar\"><img alt='' src='https:\/\/secure.gravatar.com\/avatar\/985c5d1d1bfb01a0a4e9132312b3186c64ba7bfac8763333c452f1c794185191?s=14&#038;d=mm&#038;r=g' srcset='https:\/\/secure.gravatar.com\/avatar\/985c5d1d1bfb01a0a4e9132312b3186c64ba7bfac8763333c452f1c794185191?s=28&#038;d=mm&#038;r=g 2x' class='avatar avatar-14 photo' height='14' width='14' \/><\/span><span  class=\"bbp-author-name\">berta<\/span><\/a><\/span>\n\n\t\t\t\n\t\t<\/p>\n\t<\/li>\n<\/ul><!-- #bbp-topic-1475 -->\n\n\t\t\n\t<\/li>\n\n\t<li class=\"bbp-footer\">\n\t\t<div class=\"tr\">\n\t\t\t<p>\n\t\t\t\t<span class=\"td colspan4\">&nbsp;<\/span>\n\t\t\t<\/p>\n\t\t<\/div><!-- .tr -->\n\t<\/li>\n<\/ul><!-- #bbp-forum-0 -->\n\n\n\t\t\n<div class=\"bbp-pagination\">\n\t<div class=\"bbp-pagination-count\">S&#039;est\u00e0 mostrant 4 temes - del 1 al 4 (d&#039;un total de 4)<\/div>\n\t<div class=\"bbp-pagination-links\"><\/div>\n<\/div>\n\n\n\t\n\t\n<\/div>\n[\/vc_column_text][vc_column_text]\n\n\n\t<div id=\"no-topic-1503\" class=\"bbp-no-topic\">\n\t\t<div class=\"bbp-template-notice\">\n\t\t\t<ul>\n\t\t\t\t<li>Heu d&#039;iniciar sessi\u00f3 per crear temes nous.<\/li>\n\t\t\t<\/ul>\n\t\t<\/div>\n\n\t\t\n\t\t\t\n<form method=\"post\" action=\"https:\/\/associaciopupila.org\/wp-login.php\" class=\"bbp-login-form\">\n\t<fieldset class=\"bbp-form\">\n\t\t<legend>Entra<\/legend>\n\n\t\t<div class=\"bbp-username\">\n\t\t\t<label for=\"user_login\">Nom d&#039;usuari: <\/label>\n\t\t\t<input type=\"text\" name=\"log\" value=\"\" size=\"20\" maxlength=\"100\" id=\"user_login\" autocomplete=\"off\" \/>\n\t\t<\/div>\n\n\t\t<div class=\"bbp-password\">\n\t\t\t<label for=\"user_pass\">Contrasenya: <\/label>\n\t\t\t<input type=\"password\" name=\"pwd\" value=\"\" size=\"20\" id=\"user_pass\" autocomplete=\"off\" \/>\n\t\t<\/div>\n\n\t\t<div class=\"bbp-remember-me\">\n\t\t\t<input type=\"checkbox\" name=\"rememberme\" value=\"forever\"  id=\"rememberme\" \/>\n\t\t\t<label for=\"rememberme\">Guardar<\/label>\n\t\t<\/div>\n\n\t\t\n\t\t<div class=\"bbp-submit-wrapper\">\n\n\t\t\t<button type=\"submit\" name=\"user-submit\" id=\"user-submit\" class=\"button submit user-submit\">Entra<\/button>\n\n\t\t\t\n\t<input type=\"hidden\" name=\"user-cookie\" value=\"1\" \/>\n\n\t<input type=\"hidden\" id=\"bbp_redirect_to\" name=\"redirect_to\" value=\"https:\/\/associaciopupila.org\/index.php\/wp-json\/wp\/v2\/pages\/1479\" \/><input type=\"hidden\" id=\"_wpnonce\" name=\"_wpnonce\" value=\"402006931e\" \/><input type=\"hidden\" name=\"_wp_http_referer\" value=\"\/index.php\/wp-json\/wp\/v2\/pages\/1479\" \/>\n\t\t<\/div>\n\t<\/fieldset>\n<\/form>\n\n\t\t\n\t<\/div>\n\n\n[\/vc_column_text][\/vc_column][vc_column width=&#8221;1\/3&#8243;][vc_btn title=&#8221;REGISTRAR-SE&#8221; style=&#8221;outline-custom&#8221; outline_custom_color=&#8221;#743199&#8243; outline_custom_hover_background=&#8221;#743199&#8243; outline_custom_hover_text=&#8221;#ffffff&#8221; shape=&#8221;square&#8221; size=&#8221;lg&#8221; align=&#8221;center&#8221; button_block=&#8221;true&#8221; link=&#8221;url:https%3A%2F%2Fassociaciopupila.org%2Fwp-login.php%3Faction%3Dregister&#8221;][vc_btn title=&#8221;ACCEDIR&#8221; style=&#8221;outline-custom&#8221; outline_custom_color=&#8221;#743199&#8243; outline_custom_hover_background=&#8221;#743199&#8243; outline_custom_hover_text=&#8221;#ffffff&#8221; shape=&#8221;square&#8221; size=&#8221;lg&#8221; align=&#8221;center&#8221; button_block=&#8221;true&#8221; link=&#8221;url:https%3A%2F%2Fassociaciopupila.org%2Fwp-login.php&#8221;][vc_btn title=&#8221;RESTABLIR CONTRASENYA&#8221; style=&#8221;outline-custom&#8221; outline_custom_color=&#8221;#743199&#8243; outline_custom_hover_background=&#8221;#743199&#8243; outline_custom_hover_text=&#8221;#ffffff&#8221; shape=&#8221;square&#8221; size=&#8221;lg&#8221; align=&#8221;center&#8221; button_block=&#8221;true&#8221; link=&#8221;url:https%3A%2F%2Fassociaciopupila.org%2Fwp-login.php%3Faction%3Dlostpassword&#8221;][\/vc_column][\/vc_row][vc_section][vc_row][vc_column][\/vc_column][\/vc_row][\/vc_section]<\/p>\n<\/div>","protected":false},"excerpt":{"rendered":"<p>[vc_section full_width=&#8221;stretch_row&#8221; css=&#8221;.vc_custom_1720703713146{margin-bottom: 20px !important;background-color: #ededfc !important;}&#8221;][vc_row css=&#8221;.vc_custom_1719939998260{margin-top: 20px !important;margin-bottom: 20px !important;}&#8221;][vc_column css=&#8221;.vc_custom_1719939238132{margin-top: -2px !important;}&#8221;][vc_column_text css=&#8221;.vc_custom_1720609781032{margin-top: -10px !important;}&#8221;] F\u00f2rum virtual entorn les viol\u00e8ncies masclistes [\/vc_column_text][vc_column_text css=&#8221;.vc_custom_1720703835394{margin-top: -20px !important;border-bottom-width: -5px !important;padding-bottom: -5px !important;}&#8221;] Us animem a participar, a respondre amb empatia i a crear plegades un entorn de suport, d\u2019empoderament i de cura [\/vc_column_text][\/vc_column][\/vc_row][\/vc_section][vc_row][vc_column width=&#8221;2\/3&#8243;][vc_column_text][\/vc_column_text][vc_column_text][\/vc_column_text][\/vc_column][vc_column width=&#8221;1\/3&#8243;][vc_btn&hellip;&nbsp;<a href=\"https:\/\/associaciopupila.org\/index.php\/foro\/debat\/rol-dels-amics-amigues-i-familiars\/\" class=\"\" rel=\"bookmark\">Llegiu m\u00e9s &raquo;<span class=\"screen-reader-text\">Rol dels amics i la fam\u00edlia<\/span><\/a><\/p>\n","protected":false},"author":1,"featured_media":0,"parent":0,"menu_order":0,"comment_status":"closed","ping_status":"closed","template":"","meta":{"_bbp_topic_count":0,"_bbp_reply_count":0,"_bbp_total_topic_count":0,"_bbp_total_reply_count":0,"_bbp_voice_count":0,"_bbp_anonymous_reply_count":0,"_bbp_topic_count_hidden":0,"_bbp_reply_count_hidden":0,"_bbp_forum_subforum_count":0,"neve_meta_sidebar":"","neve_meta_container":"","neve_meta_enable_content_width":"off","neve_meta_content_width":100,"neve_meta_title_alignment":"","neve_meta_author_avatar":"","neve_post_elements_order":"","neve_meta_disable_header":"","neve_meta_disable_footer":"","neve_meta_disable_title":"on","_themeisle_gutenberg_block_has_review":false,"footnotes":""},"class_list":["post-1479","page","type-page","status-publish","hentry"],"_links":{"self":[{"href":"https:\/\/associaciopupila.org\/index.php\/wp-json\/wp\/v2\/pages\/1479","targetHints":{"allow":["GET"]}}],"collection":[{"href":"https:\/\/associaciopupila.org\/index.php\/wp-json\/wp\/v2\/pages"}],"about":[{"href":"https:\/\/associaciopupila.org\/index.php\/wp-json\/wp\/v2\/types\/page"}],"author":[{"embeddable":true,"href":"https:\/\/associaciopupila.org\/index.php\/wp-json\/wp\/v2\/users\/1"}],"replies":[{"embeddable":true,"href":"https:\/\/associaciopupila.org\/index.php\/wp-json\/wp\/v2\/comments?post=1479"}],"version-history":[{"count":20,"href":"https:\/\/associaciopupila.org\/index.php\/wp-json\/wp\/v2\/pages\/1479\/revisions"}],"predecessor-version":[{"id":1588,"href":"https:\/\/associaciopupila.org\/index.php\/wp-json\/wp\/v2\/pages\/1479\/revisions\/1588"}],"wp:attachment":[{"href":"https:\/\/associaciopupila.org\/index.php\/wp-json\/wp\/v2\/media?parent=1479"}],"curies":[{"name":"wp","href":"https:\/\/api.w.org\/{rel}","templated":true}]}}