{"id":1497,"date":"2024-07-11T13:27:01","date_gmt":"2024-07-11T13:27:01","guid":{"rendered":"https:\/\/associaciopupila.org\/?page_id=1497"},"modified":"2024-07-16T11:23:51","modified_gmt":"2024-07-16T11:23:51","slug":"si-no-va-ser-tan-greu-per-que-encara-mafecta-aixi","status":"publish","type":"page","link":"https:\/\/associaciopupila.org\/index.php\/preguntes-i-respostes-violencies-masclistes\/si-no-va-ser-tan-greu-per-que-encara-mafecta-aixi\/","title":{"rendered":"Si no va ser &#8220;tan greu&#8221;&#8230; Per qu\u00e8 encara m&#8217;afecta aix\u00ed?"},"content":{"rendered":"<div class=\"wpb-content-wrapper\"><p>[vc_section full_width=&#8221;stretch_row&#8221; css=&#8221;.vc_custom_1719925658590{background-color: #f4f4ff !important;}&#8221;][vc_row gap=&#8221;35&#8243; css=&#8221;.vc_custom_1719925704678{margin-top: -20px !important;}&#8221;][vc_column width=&#8221;2\/3&#8243;][vc_column_text css=&#8221;.vc_custom_1721122953097{margin-top: -5px !important;}&#8221;]<\/p>\n<h2><span style=\"color: #443697;\">Si no va ser &#8220;tan greu&#8221;&#8230; Per qu\u00e8 encara m&#8217;afecta aix\u00ed?<\/span><\/h2>\n<p>[\/vc_column_text][vc_column_text]<\/p>\n<div style=\"padding: 56.25% 0 0 0; position: relative;\"><iframe style=\"position: absolute; top: 0; left: 0; width: 100%; height: 100%;\" title=\"2.4 Qu\u00e8 entenem per ciberassetjament\" src=\"https:\/\/player.vimeo.com\/video\/975177810?badge=0&amp;autopause=0&amp;player_id=0&amp;app_id=58479\" frameborder=\"0\"><\/iframe><\/div>\n<p>[\/vc_column_text][vc_column_text]<strong>\u00c9s important que s\u00e0pigues que pots decidir com nombrar la teva viv\u00e8ncia.<\/strong>\u00a0 El nom que li posis no invalida l\u2019impacte que ha tingut en tu i el que sents respecte aquesta viv\u00e8ncia.<\/p>\n<p><strong>Tenim una concepci\u00f3 interioritzada que les situacions que ens han d\u2019afectar m\u00e9s s\u00f3n aquelles que es troben a la part superior de l\u2019Iceberg de les viol\u00e8ncies, \u00e9s a dir, aquelles que s\u00f3n m\u00e9s visibles i reconegudes socialment. <\/strong>Quan parlem de l\u2019Iceberg de les viol\u00e8ncies, ens hem d\u2019imaginar un iceberg, on a la part superior, hi ha aquelles conductes o aquells actes que s\u00f3n m\u00e9s visibles i que, per tant, podem recon\u00e8ixer m\u00e9s f\u00e0cilment com a viol\u00e8ncia. Per\u00f2 a sota de totes aquestes conductes que es veuen, n\u2019hi ha d\u2019altres que estan menys visibilitzades o que s\u00f3n m\u00e9s dif\u00edcils de veure.<\/p>\n<p><strong>La idea de la viol\u00e8ncia com aquelles accions d\u2019alt impacte, t\u00e9 com efecte col\u00b7lateral que ens sentim \u201cimpostores\u201d si denunciem o nombrem altres coses com a viol\u00e8ncia.<\/strong> Aquelles coses que, normalment, no ens diuen o no apareixen als mitjans com a viol\u00e8ncia. Per tant, aix\u00f2 ens dificulta poder-ho nombrar.<\/p>\n<p><strong>\u00c9s cert que hi ha tipus o formes de viol\u00e8ncia que potencialment poden tenir m\u00e9s\u00a0 impacte que d\u2019altres de forma generalitzada per a la majoria de les persones. Per\u00f2 la viv\u00e8ncia i l\u2019impacte a la teva vida no dep\u00e8n \u00fanicament de la viol\u00e8ncia viscuda. Hi intervenen altres factors com les experi\u00e8ncies anteriors, el teu processament emocional, estar impactada per altres eixos d\u2019opressi\u00f3, situaci\u00f3 personal\u2026<\/strong> Recorda que pots nombrar-ho com tu vulguis i que, tot el que sentis al voltant de la viol\u00e8ncia o de la teva experi\u00e8ncia, \u00e9s v\u00e0lid. Validar-te \u00e9s el que et permetr\u00e0 avan\u00e7ar en el proc\u00e9s de recuperaci\u00f3.[\/vc_column_text][\/vc_column][vc_column width=&#8221;1\/3&#8243;][vc_btn title=&#8221;TOTES LES PREGUNTES&#8221; style=&#8221;outline-custom&#8221; outline_custom_color=&#8221;#743199&#8243; outline_custom_hover_background=&#8221;#743199&#8243; outline_custom_hover_text=&#8221;#ffffff&#8221; shape=&#8221;square&#8221; size=&#8221;lg&#8221; align=&#8221;center&#8221; button_block=&#8221;true&#8221; link=&#8221;url:https%3A%2F%2Fassociaciopupila.org%2Findex.php%2Fpreguntes-i-respostes-violencies-masclistes%2F&#8221;][vc_btn title=&#8221;F\u00d2RUM&#8221; style=&#8221;outline-custom&#8221; outline_custom_color=&#8221;#743199&#8243; outline_custom_hover_background=&#8221;#743199&#8243; outline_custom_hover_text=&#8221;#ffffff&#8221; shape=&#8221;square&#8221; size=&#8221;lg&#8221; align=&#8221;center&#8221; button_block=&#8221;true&#8221; link=&#8221;url:https%3A%2F%2Fassociaciopupila.org%2Findex.php%2Fforum%2F&#8221;][vc_btn title=&#8221;CONTACTE&#8221; style=&#8221;outline-custom&#8221; outline_custom_color=&#8221;#743199&#8243; outline_custom_hover_background=&#8221;#743199&#8243; outline_custom_hover_text=&#8221;#ffffff&#8221; shape=&#8221;square&#8221; size=&#8221;lg&#8221; align=&#8221;center&#8221; button_block=&#8221;true&#8221; link=&#8221;url:https%3A%2F%2Fassociaciopupila.org%2Findex.php%2Fcontacte%2F&#8221;][vc_separator color=&#8221;custom&#8221; style=&#8221;shadow&#8221; border_width=&#8221;2&#8243; accent_color=&#8221;#3f3f3f&#8221;][vc_row_inner css=&#8221;.vc_custom_1720608929387{margin-right: 3px !important;margin-bottom: 30px !important;margin-left: 3px !important;}&#8221;][vc_column_inner css=&#8221;.vc_custom_1720608650136{margin-right: 4px !important;margin-left: 4px !important;background-color: #443697 !important;border-radius: 10px !important;}&#8221;][vc_column_text css=&#8221;.vc_custom_1720608769686{margin-right: 15px !important;margin-left: 15px !important;border-radius: 4px !important;}&#8221;]<\/p>\n<p style=\"text-align: left;\"><span style=\"color: #ffffff;\"><strong>Els Serveis d&#8217;informaci\u00f3 i atenci\u00f3 a les dones (SIAD),<\/strong> informen sobre salut, treball i habitatge, entre d\u2019altres.<\/span><\/p>\n<p style=\"text-align: left;\"><span style=\"color: #ffffff;\"><strong>El Servei d&#8217;Intervenci\u00f3 Especialitzada en viol\u00e8ncia masclista (SIE)<\/strong> ofereix informaci\u00f3, atenci\u00f3 integral i recursos per a la recuperaci\u00f3 a les dones que han patit o pateixen viol\u00e8ncia, aix\u00ed com als seus fills i filles.<\/span><\/p>\n<p style=\"text-align: left;\"><a href=\"https:\/\/dones.gencat.cat\/ca\/ambits\/atencio-a-les-dones\/mapa_siad\/\"><span style=\"color: #ffffff;\"><strong>Clica aqu\u00ed per a m\u00e9s informaci\u00f3<\/strong><\/span><\/a><\/p>\n<p>[\/vc_column_text][\/vc_column_inner][\/vc_row_inner][\/vc_column][\/vc_row][\/vc_section][vc_section full_width=&#8221;stretch_row&#8221; css=&#8221;.vc_custom_1720608631726{background-color: #743199 !important;}&#8221;][vc_row css=&#8221;.vc_custom_1719916983723{margin-top: 40px !important;}&#8221;][vc_column][vc_column_text css=&#8221;.vc_custom_1719917225633{margin-right: 20px !important;margin-left: 20px !important;}&#8221;]<\/p>\n<h2 class=\"has-text-align-center has-text-color\" style=\"color: #121212; text-align: center;\"><span style=\"color: #ffffff;\">A trav\u00e9s del f\u00f2rum, pots compartir les teves experi\u00e8ncies i trobar suport entre iguals<\/span><\/h2>\n<p>[\/vc_column_text][\/vc_column][\/vc_row][vc_row css=&#8221;.vc_custom_1719917021949{margin-bottom: 50px !important;}&#8221;][vc_column css=&#8221;.vc_custom_1719917037358{margin-top: -10px !important;}&#8221;][vc_btn title=&#8221;PARTICIPA AL F\u00d2RUM&#8221; style=&#8221;outline&#8221; shape=&#8221;square&#8221; color=&#8221;white&#8221; size=&#8221;lg&#8221; align=&#8221;center&#8221; link=&#8221;url:https%3A%2F%2Fassociaciopupila.org%2Findex.php%2Fforum%2F&#8221;][\/vc_column][\/vc_row][vc_row][vc_column][\/vc_column][\/vc_row][\/vc_section]<\/p>\n<\/div>","protected":false},"excerpt":{"rendered":"<p>[vc_section full_width=&#8221;stretch_row&#8221; css=&#8221;.vc_custom_1719925658590{background-color: #f4f4ff !important;}&#8221;][vc_row gap=&#8221;35&#8243; css=&#8221;.vc_custom_1719925704678{margin-top: -20px !important;}&#8221;][vc_column width=&#8221;2\/3&#8243;][vc_column_text css=&#8221;.vc_custom_1721122953097{margin-top: -5px !important;}&#8221;] Si no va ser &#8220;tan greu&#8221;&#8230; Per qu\u00e8 encara m&#8217;afecta aix\u00ed? [\/vc_column_text][vc_column_text] [\/vc_column_text][vc_column_text]\u00c9s important que s\u00e0pigues que pots decidir com nombrar la teva viv\u00e8ncia.\u00a0 El nom que li posis no invalida l\u2019impacte que ha tingut en tu i el que sents respecte&hellip;&nbsp;<a href=\"https:\/\/associaciopupila.org\/index.php\/preguntes-i-respostes-violencies-masclistes\/si-no-va-ser-tan-greu-per-que-encara-mafecta-aixi\/\" class=\"\" rel=\"bookmark\">Llegiu m\u00e9s &raquo;<span class=\"screen-reader-text\">Si no va ser &#8220;tan greu&#8221;&#8230; Per qu\u00e8 encara m&#8217;afecta aix\u00ed?<\/span><\/a><\/p>\n","protected":false},"author":1,"featured_media":0,"parent":869,"menu_order":0,"comment_status":"closed","ping_status":"closed","template":"","meta":{"_bbp_topic_count":0,"_bbp_reply_count":0,"_bbp_total_topic_count":0,"_bbp_total_reply_count":0,"_bbp_voice_count":0,"_bbp_anonymous_reply_count":0,"_bbp_topic_count_hidden":0,"_bbp_reply_count_hidden":0,"_bbp_forum_subforum_count":0,"neve_meta_sidebar":"","neve_meta_container":"","neve_meta_enable_content_width":"off","neve_meta_content_width":100,"neve_meta_title_alignment":"","neve_meta_author_avatar":"","neve_post_elements_order":"","neve_meta_disable_header":"","neve_meta_disable_footer":"","neve_meta_disable_title":"on","_themeisle_gutenberg_block_has_review":false,"footnotes":""},"class_list":["post-1497","page","type-page","status-publish","hentry"],"_links":{"self":[{"href":"https:\/\/associaciopupila.org\/index.php\/wp-json\/wp\/v2\/pages\/1497","targetHints":{"allow":["GET"]}}],"collection":[{"href":"https:\/\/associaciopupila.org\/index.php\/wp-json\/wp\/v2\/pages"}],"about":[{"href":"https:\/\/associaciopupila.org\/index.php\/wp-json\/wp\/v2\/types\/page"}],"author":[{"embeddable":true,"href":"https:\/\/associaciopupila.org\/index.php\/wp-json\/wp\/v2\/users\/1"}],"replies":[{"embeddable":true,"href":"https:\/\/associaciopupila.org\/index.php\/wp-json\/wp\/v2\/comments?post=1497"}],"version-history":[{"count":6,"href":"https:\/\/associaciopupila.org\/index.php\/wp-json\/wp\/v2\/pages\/1497\/revisions"}],"predecessor-version":[{"id":1609,"href":"https:\/\/associaciopupila.org\/index.php\/wp-json\/wp\/v2\/pages\/1497\/revisions\/1609"}],"up":[{"embeddable":true,"href":"https:\/\/associaciopupila.org\/index.php\/wp-json\/wp\/v2\/pages\/869"}],"wp:attachment":[{"href":"https:\/\/associaciopupila.org\/index.php\/wp-json\/wp\/v2\/media?parent=1497"}],"curies":[{"name":"wp","href":"https:\/\/api.w.org\/{rel}","templated":true}]}}