{"id":538,"date":"2020-01-13T11:17:52","date_gmt":"2020-01-13T11:17:52","guid":{"rendered":"https:\/\/demosites.io\/web-agency-gb\/?page_id=5"},"modified":"2024-07-22T11:49:17","modified_gmt":"2024-07-22T11:49:17","slug":"15c42-web-agency-gb-home","status":"publish","type":"page","link":"https:\/\/associaciopupila.org\/","title":{"rendered":"Home"},"content":{"rendered":"<div class=\"wpb-content-wrapper\"><p>[vc_section full_width=&#8221;stretch_row&#8221; content_placement=&#8221;middle&#8221; css=&#8221;.vc_custom_1721648778106{background-color: #743199 !important;background-position: center !important;background-repeat: no-repeat !important;background-size: cover !important;}&#8221;][vc_row css=&#8221;.vc_custom_1721132385276{margin-top: 40px !important;}&#8221;][vc_column][vc_column_text css=&#8221;.vc_custom_1721648742928{margin-right: 50px !important;margin-left: 50px !important;}&#8221;]<\/p>\n<h1 class=\"has-text-align-center has-text-color\" style=\"color: #121212; text-align: center;\"><span style=\"color: #ffffff;\">Donem resposta a les teves preguntes<\/span><\/h1>\n<p>[\/vc_column_text][\/vc_column][\/vc_row][vc_row][vc_column][vc_btn title=&#8221;PREGUNTES I RESPOSTES&#8221; style=&#8221;outline-custom&#8221; outline_custom_color=&#8221;#ffffff&#8221; outline_custom_hover_background=&#8221;#443697&#8243; outline_custom_hover_text=&#8221;#ffffff&#8221; shape=&#8221;square&#8221; size=&#8221;lg&#8221; align=&#8221;center&#8221; link=&#8221;url:https%3A%2F%2Fassociaciopupila.org%2Findex.php%2Fpreguntes-i-respostes-violencies-masclistes%2F&#8221;][\/vc_column][\/vc_row][vc_row css=&#8221;.vc_custom_1721132456533{margin-bottom: 40px !important;}&#8221;][vc_column][vc_btn title=&#8221;F\u00d2RUM&#8221; style=&#8221;outline-custom&#8221; outline_custom_color=&#8221;#ffffff&#8221; outline_custom_hover_background=&#8221;#443697&#8243; outline_custom_hover_text=&#8221;#ffffff&#8221; shape=&#8221;square&#8221; size=&#8221;lg&#8221; align=&#8221;center&#8221; link=&#8221;url:https%3A%2F%2Fassociaciopupila.org%2Findex.php%2Fforum%2F&#8221;][\/vc_column][\/vc_row][\/vc_section][vc_section][vc_row][vc_column width=&#8221;1\/3&#8243;][vc_icon type=&#8221;linecons&#8221; icon_linecons=&#8221;vc_li vc_li-megaphone&#8221; color=&#8221;custom&#8221; size=&#8221;lg&#8221; align=&#8221;center&#8221; custom_color=&#8221;#743199&#8243;][vc_column_text css=&#8221;.vc_custom_1719980101716{margin-top: -25px !important;}&#8221;]<\/p>\n<h3 style=\"text-align: center;\"><span style=\"color: #7472f0;\">FEMINISME<\/span><\/h3>\n<p>[\/vc_column_text][vc_column_text css=&#8221;.vc_custom_1719979724449{margin-top: -20px !important;}&#8221;]<\/p>\n<p>Pupila \u00e9s una associaci\u00f3 sense \u00e0nim de lucre que centra la seva activitat en la prevenci\u00f3, la divulgaci\u00f3 i la formaci\u00f3 en clau feminista.<\/p>\n<p>[\/vc_column_text][\/vc_column][vc_column width=&#8221;1\/3&#8243;][vc_icon type=&#8221;linecons&#8221; icon_linecons=&#8221;vc_li vc_li-study&#8221; color=&#8221;custom&#8221; size=&#8221;lg&#8221; align=&#8221;center&#8221; custom_color=&#8221;#743199&#8243;][vc_column_text css=&#8221;.vc_custom_1719980043818{margin-top: -25px !important;}&#8221;]<\/p>\n<h3 style=\"text-align: center;\"><span style=\"color: #7472f0;\">FORMACI\u00d3<\/span><\/h3>\n<p>[\/vc_column_text][vc_column_text css=&#8221;.vc_custom_1719979989478{margin-top: -20px !important;}&#8221;]<\/p>\n<p>Defensem l\u2019educaci\u00f3 i la formaci\u00f3 com una eina trasnformadora cap a la consci\u00e8ncia cr\u00edtica i l\u2019empoderament personal.<\/p>\n<p>[\/vc_column_text][\/vc_column][vc_column width=&#8221;1\/3&#8243;][vc_icon type=&#8221;linecons&#8221; color=&#8221;custom&#8221; size=&#8221;lg&#8221; align=&#8221;center&#8221; custom_color=&#8221;#743199&#8243;][vc_column_text css=&#8221;.vc_custom_1719980049322{margin-top: -25px !important;}&#8221;]<\/p>\n<h3 style=\"text-align: center;\"><span style=\"color: #7472f0;\">EMPODERAMENT<\/span><\/h3>\n<p>[\/vc_column_text][vc_column_text css=&#8221;.vc_custom_1719979929838{margin-top: -20px !important;}&#8221;]<\/p>\n<p>Promovem la capacitat per prendre decisions lliures i aut\u00f2nomes basades en la igualtat de g\u00e8nere i d\u2019oportunitats.<\/p>\n<p>[\/vc_column_text][\/vc_column][\/vc_row][\/vc_section][vc_section full_width=&#8221;stretch_row&#8221; css=&#8221;.vc_custom_1719995408401{margin-top: 30px !important;background-color: #ededfc !important;}&#8221;][vc_row gap=&#8221;20&#8243;][vc_column width=&#8221;1\/2&#8243;][vc_single_image image=&#8221;1107&#8243; img_size=&#8221;large&#8221; style=&#8221;vc_box_rounded&#8221; onclick=&#8221;custom_link&#8221; link=&#8221;https:\/\/associaciopupila.org\/index.php\/relaciotoxica\/&#8221;][vc_column_text css=&#8221;.vc_custom_1719997439084{margin-top: -20px !important;}&#8221;]<\/p>\n<h4>Tinc una relaci\u00f3 t\u00f2xica? I si jo tamb\u00e9 reacciono amb agressivitat?<\/h4>\n<p>[\/vc_column_text][vc_column_text css=&#8221;.vc_custom_1719997526633{margin-top: -30px !important;}&#8221;]<\/p>\n<p>Sovint sentim a parlar de relacions t\u00f2xiques o de persones t\u00f2xiques. La realitat \u00e9s que en molts d\u2019aquests casos&#8230;<\/p>\n<p>[\/vc_column_text][vc_btn title=&#8221;Veure m\u00e9s&#8221; style=&#8221;outline-custom&#8221; outline_custom_color=&#8221;#443697&#8243; outline_custom_hover_background=&#8221;#443697&#8243; outline_custom_hover_text=&#8221;#ffffff&#8221; shape=&#8221;square&#8221; align=&#8221;left&#8221; link=&#8221;url:https%3A%2F%2Fassociaciopupila.org%2Findex.php%2Fpreguntes-i-respostes-violencies-masclistes%2Ftinc-una-relacio-toxica-i-si-jo-tambe-reacciono-amb-agressivitat%2F&#8221; css=&#8221;.vc_custom_1721134841641{margin-top: -20px !important;}&#8221;][\/vc_column][vc_column width=&#8221;1\/2&#8243;][vc_single_image image=&#8221;1096&#8243; img_size=&#8221;large&#8221; style=&#8221;vc_box_rounded&#8221; onclick=&#8221;custom_link&#8221; link=&#8221;https:\/\/associaciopupila.org\/index.php\/relaciotoxica\/&#8221;][vc_column_text css=&#8221;.vc_custom_1719984136560{margin-top: -20px !important;}&#8221;]<\/p>\n<h4>He tingut diverses relacions de maltracte. Qu\u00e8 tinc? Per qu\u00e8 em passa a mi?<\/h4>\n<p>[\/vc_column_text][vc_column_text css=&#8221;.vc_custom_1719984581421{margin-top: -30px !important;}&#8221;]<\/p>\n<p>Quan encadenem diverses relacions que ens generen malestar, el primer que pensem \u00e9s que alguna cosa devem tenir\u2026<\/p>\n<p>[\/vc_column_text][vc_btn title=&#8221;Veure m\u00e9s&#8221; style=&#8221;outline-custom&#8221; outline_custom_color=&#8221;#443697&#8243; outline_custom_hover_background=&#8221;#443697&#8243; outline_custom_hover_text=&#8221;#ffffff&#8221; shape=&#8221;square&#8221; align=&#8221;left&#8221; link=&#8221;url:https%3A%2F%2Fassociaciopupila.org%2Findex.php%2Fpreguntes-i-respostes-violencies-masclistes%2Fhe-tingut-diverses-relacions-de-maltracte-que-tinc-per-que-em-passa-a-mi%2F&#8221; css=&#8221;.vc_custom_1721134857713{margin-top: -20px !important;}&#8221;][\/vc_column][\/vc_row][vc_row gap=&#8221;20&#8243;][vc_column width=&#8221;1\/2&#8243;][vc_single_image image=&#8221;1110&#8243; img_size=&#8221;large&#8221; style=&#8221;vc_box_rounded&#8221; onclick=&#8221;custom_link&#8221; link=&#8221;https:\/\/associaciopupila.org\/index.php\/relaciotoxica\/&#8221;][vc_column_text css=&#8221;.vc_custom_1719997891936{margin-top: -20px !important;}&#8221;]<\/p>\n<h4>Qu\u00e8 puc fer davant de les red flags (senyals d&#8217;alerta)?<\/h4>\n<p>[\/vc_column_text][vc_column_text css=&#8221;.vc_custom_1719999469280{margin-top: -30px !important;}&#8221;]<\/p>\n<p>Les &#8220;red flags&#8221; (banderes vermelles) s\u00f3n senyals que ens avisen que alguna cosa no va b\u00e9 i que cal tenir precauci\u00f3&#8230;<\/p>\n<p>[\/vc_column_text][vc_btn title=&#8221;Veure m\u00e9s&#8221; style=&#8221;outline-custom&#8221; outline_custom_color=&#8221;#443697&#8243; outline_custom_hover_background=&#8221;#443697&#8243; outline_custom_hover_text=&#8221;#ffffff&#8221; shape=&#8221;square&#8221; align=&#8221;left&#8221; link=&#8221;url:https%3A%2F%2Fassociaciopupila.org%2Findex.php%2Fpreguntes-i-respostes-violencies-masclistes%2Fque-puc-fer-davant-de-les-red-flags-senyals-dalerta%2F&#8221; css=&#8221;.vc_custom_1721134867512{margin-top: -20px !important;}&#8221;][\/vc_column][vc_column width=&#8221;1\/2&#8243;][vc_single_image image=&#8221;1105&#8243; img_size=&#8221;large&#8221; style=&#8221;vc_box_rounded&#8221; onclick=&#8221;custom_link&#8221; link=&#8221;https:\/\/associaciopupila.org\/index.php\/relaciotoxica\/&#8221;][vc_column_text css=&#8221;.vc_custom_1719998207315{margin-top: -20px !important;}&#8221;]<\/p>\n<h4>Si no va ser &#8220;tan greu&#8221;, per qu\u00e8 encara m&#8217;afecta aix\u00ed?<\/h4>\n<p>[\/vc_column_text][vc_column_text css=&#8221;.vc_custom_1719999540588{margin-top: -30px !important;}&#8221;]<\/p>\n<p>El primer que ens hem de plantejar per respondre aquesta pregunta \u00e9s: qu\u00e8 \u00e9s i qu\u00e8 no \u00e9s greu? Has de saber que tens dret&#8230;<\/p>\n<p>[\/vc_column_text][vc_btn title=&#8221;Veure m\u00e9s&#8221; style=&#8221;outline-custom&#8221; outline_custom_color=&#8221;#443697&#8243; outline_custom_hover_background=&#8221;#443697&#8243; outline_custom_hover_text=&#8221;#ffffff&#8221; shape=&#8221;square&#8221; align=&#8221;left&#8221; link=&#8221;url:https%3A%2F%2Fassociaciopupila.org%2Findex.php%2Fpreguntes-i-respostes-violencies-masclistes%2Fsi-no-va-ser-tan-greu-per-que-encara-mafecta-aixi%2F&#8221; css=&#8221;.vc_custom_1721134879266{margin-top: -20px !important;}&#8221;][\/vc_column][\/vc_row][\/vc_section][vc_section full_width=&#8221;stretch_row&#8221; css=&#8221;.vc_custom_1719916925682{background-color: #443697 !important;}&#8221;][vc_row css=&#8221;.vc_custom_1719916983723{margin-top: 40px !important;}&#8221;][vc_column][vc_column_text css=&#8221;.vc_custom_1719917225633{margin-right: 20px !important;margin-left: 20px !important;}&#8221;]<\/p>\n<h2 class=\"has-text-align-center has-text-color\" style=\"color: #121212; text-align: center;\"><span style=\"color: #ffffff;\">A trav\u00e9s del f\u00f2rum, pots compartir les teves experi\u00e8ncies i trobar suport entre iguals<\/span><\/h2>\n<p>[\/vc_column_text][\/vc_column][\/vc_row][vc_row css=&#8221;.vc_custom_1719917021949{margin-bottom: 50px !important;}&#8221;][vc_column css=&#8221;.vc_custom_1719917037358{margin-top: -10px !important;}&#8221;][vc_btn title=&#8221;PARTICIPA AL F\u00d2RUM&#8221; style=&#8221;outline&#8221; shape=&#8221;square&#8221; color=&#8221;white&#8221; size=&#8221;lg&#8221; align=&#8221;center&#8221; link=&#8221;url:https%3A%2F%2Fassociaciopupila.org%2Findex.php%2Fforum%2F&#8221;][\/vc_column][\/vc_row][\/vc_section]<\/p>\n<\/div>","protected":false},"excerpt":{"rendered":"<p>[vc_section full_width=&#8221;stretch_row&#8221; content_placement=&#8221;middle&#8221; css=&#8221;.vc_custom_1721648778106{background-color: #743199 !important;background-position: center !important;background-repeat: no-repeat !important;background-size: cover !important;}&#8221;][vc_row css=&#8221;.vc_custom_1721132385276{margin-top: 40px !important;}&#8221;][vc_column][vc_column_text css=&#8221;.vc_custom_1721648742928{margin-right: 50px !important;margin-left: 50px !important;}&#8221;] Donem resposta a les teves preguntes [\/vc_column_text][\/vc_column][\/vc_row][vc_row][vc_column][vc_btn title=&#8221;PREGUNTES I RESPOSTES&#8221; style=&#8221;outline-custom&#8221; outline_custom_color=&#8221;#ffffff&#8221; outline_custom_hover_background=&#8221;#443697&#8243; outline_custom_hover_text=&#8221;#ffffff&#8221; shape=&#8221;square&#8221; size=&#8221;lg&#8221; align=&#8221;center&#8221; link=&#8221;url:https%3A%2F%2Fassociaciopupila.org%2Findex.php%2Fpreguntes-i-respostes-violencies-masclistes%2F&#8221;][\/vc_column][\/vc_row][vc_row css=&#8221;.vc_custom_1721132456533{margin-bottom: 40px !important;}&#8221;][vc_column][vc_btn title=&#8221;F\u00d2RUM&#8221; style=&#8221;outline-custom&#8221; outline_custom_color=&#8221;#ffffff&#8221; outline_custom_hover_background=&#8221;#443697&#8243; outline_custom_hover_text=&#8221;#ffffff&#8221; shape=&#8221;square&#8221; size=&#8221;lg&#8221; align=&#8221;center&#8221; link=&#8221;url:https%3A%2F%2Fassociaciopupila.org%2Findex.php%2Fforum%2F&#8221;][\/vc_column][\/vc_row][\/vc_section][vc_section][vc_row][vc_column width=&#8221;1\/3&#8243;][vc_icon type=&#8221;linecons&#8221; icon_linecons=&#8221;vc_li vc_li-megaphone&#8221; color=&#8221;custom&#8221;&hellip;&nbsp;<a href=\"https:\/\/associaciopupila.org\/\" class=\"\" rel=\"bookmark\">Llegiu m\u00e9s &raquo;<span class=\"screen-reader-text\">Home<\/span><\/a><\/p>\n","protected":false},"author":1,"featured_media":0,"parent":0,"menu_order":0,"comment_status":"closed","ping_status":"closed","template":"","meta":{"_bbp_topic_count":0,"_bbp_reply_count":0,"_bbp_total_topic_count":0,"_bbp_total_reply_count":0,"_bbp_voice_count":0,"_bbp_anonymous_reply_count":0,"_bbp_topic_count_hidden":0,"_bbp_reply_count_hidden":0,"_bbp_forum_subforum_count":0,"neve_meta_sidebar":"","neve_meta_container":"","neve_meta_enable_content_width":"on","neve_meta_content_width":100,"neve_meta_title_alignment":"","neve_meta_author_avatar":"","neve_post_elements_order":"","neve_meta_disable_header":"","neve_meta_disable_footer":"","neve_meta_disable_title":"on","_themeisle_gutenberg_block_has_review":false,"footnotes":""},"class_list":["post-538","page","type-page","status-publish","hentry"],"_links":{"self":[{"href":"https:\/\/associaciopupila.org\/index.php\/wp-json\/wp\/v2\/pages\/538","targetHints":{"allow":["GET"]}}],"collection":[{"href":"https:\/\/associaciopupila.org\/index.php\/wp-json\/wp\/v2\/pages"}],"about":[{"href":"https:\/\/associaciopupila.org\/index.php\/wp-json\/wp\/v2\/types\/page"}],"author":[{"embeddable":true,"href":"https:\/\/associaciopupila.org\/index.php\/wp-json\/wp\/v2\/users\/1"}],"replies":[{"embeddable":true,"href":"https:\/\/associaciopupila.org\/index.php\/wp-json\/wp\/v2\/comments?post=538"}],"version-history":[{"count":220,"href":"https:\/\/associaciopupila.org\/index.php\/wp-json\/wp\/v2\/pages\/538\/revisions"}],"predecessor-version":[{"id":1675,"href":"https:\/\/associaciopupila.org\/index.php\/wp-json\/wp\/v2\/pages\/538\/revisions\/1675"}],"wp:attachment":[{"href":"https:\/\/associaciopupila.org\/index.php\/wp-json\/wp\/v2\/media?parent=538"}],"curies":[{"name":"wp","href":"https:\/\/api.w.org\/{rel}","templated":true}]}}