{"id":869,"date":"2024-07-02T13:30:07","date_gmt":"2024-07-02T13:30:07","guid":{"rendered":"https:\/\/associaciopupila.org\/?page_id=869"},"modified":"2024-07-17T08:24:45","modified_gmt":"2024-07-17T08:24:45","slug":"preguntes-i-respostes-violencies-masclistes","status":"publish","type":"page","link":"https:\/\/associaciopupila.org\/index.php\/preguntes-i-respostes-violencies-masclistes\/","title":{"rendered":"Preguntes i respostes"},"content":{"rendered":"<div class=\"wpb-content-wrapper\"><p>[vc_section full_width=&#8221;stretch_row&#8221; css=&#8221;.vc_custom_1720016048050{background-color: #ededfc !important;}&#8221;][vc_row css=&#8221;.vc_custom_1719939998260{margin-top: 20px !important;margin-bottom: 20px !important;}&#8221;][vc_column css=&#8221;.vc_custom_1719939238132{margin-top: -2px !important;}&#8221;][vc_column_text css=&#8221;.vc_custom_1719939917076{margin-top: -10px !important;}&#8221;]<\/p>\n<h2 style=\"text-align: left;\"><span style=\"color: #443697;\">Les viol\u00e8ncies masclistes s\u00f3n diverses i ens afecten de formes diferents<\/span><\/h2>\n<p>[\/vc_column_text][vc_column_text css=&#8221;.vc_custom_1719940340644{margin-top: -20px !important;border-bottom-width: -5px !important;padding-bottom: -5px !important;}&#8221;]<\/p>\n<h3 style=\"text-align: left;\">A continuaci\u00f3 donem resposta a algunes de les preguntes m\u00e9s freq\u00fcents:<\/h3>\n<p>[\/vc_column_text][\/vc_column][\/vc_row][\/vc_section][vc_row full_width=&#8221;stretch_row&#8221; css=&#8221;.vc_custom_1719940148850{background-color: #ffffff !important;}&#8221;][vc_column css=&#8221;.vc_custom_1719940222361{margin-top: -35px !important;}&#8221;][vc_separator color=&#8221;custom&#8221; style=&#8221;dashed&#8221; border_width=&#8221;4&#8243; accent_color=&#8221;#743199&#8243; css=&#8221;.vc_custom_1720016127614{margin-top: -2px !important;}&#8221;][vc_column_text css=&#8221;.vc_custom_1719939646940{margin-top: -5px !important;background-color: #ffffff !important;}&#8221;]<\/p>\n<h3 style=\"text-align: center;\"><span style=\"color: #7472f0;\"><strong>IDENTIFICACI\u00d3 I COMPRENSI\u00d3:<\/strong><\/span><\/h3>\n<p>[\/vc_column_text][\/vc_column][\/vc_row][vc_section full_width=&#8221;stretch_row&#8221; css=&#8221;.vc_custom_1719939063904{margin-top: -5px !important;background-color: #443697 !important;}&#8221;][vc_row full_width=&#8221;stretch_row&#8221;][vc_column][vc_custom_heading text=&#8221;\u25b6\ufe0e Tinc una relaci\u00f3 t\u00f2xica? I si jo tamb\u00e9 reacciono amb agressivitat?&#8221; font_container=&#8221;tag:h2|font_size:22|text_align:left|color:%23ffffff&#8221; use_theme_fonts=&#8221;yes&#8221; link=&#8221;url:https%3A%2F%2Fassociaciopupila.org%2Findex.php%2Fpreguntes-i-respostes-violencies-masclistes%2Ftinc-una-relacio-toxica-i-si-jo-tambe-reacciono-amb-agressivitat%2F|title:Tinc%20una%20relaci%C3%B3%20t%C3%B2xica%3F%20I%20si%20jo%20tamb%C3%A9%20reacciono%20amb%20agressivitat%3F&#8221;][vc_separator color=&#8221;custom&#8221; border_width=&#8221;2&#8243; accent_color=&#8221;#7472f0&#8243;][\/vc_column][\/vc_row][vc_row full_width=&#8221;stretch_row&#8221;][vc_column][vc_custom_heading text=&#8221;\u25b6\ufe0e Com s\u00e9 que estic en una relaci\u00f3 amb viol\u00e8ncia? (Fases i senyals)&#8221; font_container=&#8221;tag:h2|font_size:22|text_align:left|color:%23ffffff&#8221; use_theme_fonts=&#8221;yes&#8221; link=&#8221;url:https%3A%2F%2Fassociaciopupila.org%2Findex.php%2Fpreguntes-i-respostes-violencies-masclistes%2Fcom-se-que-estic-en-una-relacio-amb-violencia-fases-i-senyals%2F|title:Com%20s%C3%A9%20que%20estic%20en%20una%20relaci%C3%B3%20amb%20viol%C3%A8ncia%3F%20(Fases%20i%20senyals)&#8221;][vc_separator color=&#8221;custom&#8221; border_width=&#8221;2&#8243; accent_color=&#8221;#7472f0&#8243;][\/vc_column][\/vc_row][vc_row full_width=&#8221;stretch_row&#8221;][vc_column][vc_custom_heading text=&#8221;\u25b6\ufe0e Sempre que discutim acabo feta un embolic, sentint que tot \u00e9s culpa meva. Per qu\u00e8?&#8221; font_container=&#8221;tag:h2|font_size:22|text_align:left|color:%23ffffff&#8221; use_theme_fonts=&#8221;yes&#8221; link=&#8221;url:https%3A%2F%2Fassociaciopupila.org%2Findex.php%2Fpreguntes-i-respostes-violencies-masclistes%2Fsempre-que-discutim-acabo-feta-un-embolic-sentint-que-tot-es-culpa-meva-per-que%2F|title:Sempre%20que%20discutim%20acabo%20feta%20un%20embolic%2C%20sentint%20que%20tot%20%C3%A9s%20culpa%20meva.%20Per%20qu%C3%A8%3F&#8221;][vc_separator color=&#8221;custom&#8221; border_width=&#8221;2&#8243; accent_color=&#8221;#7472f0&#8243;][\/vc_column][\/vc_row][vc_row full_width=&#8221;stretch_row&#8221;][vc_column][vc_custom_heading text=&#8221;\u25b6\ufe0e Vull deixar la relaci\u00f3 per\u00f2 no s\u00e9 com. Qu\u00e8 faig?&#8221; font_container=&#8221;tag:h2|font_size:22|text_align:left|color:%23ffffff&#8221; use_theme_fonts=&#8221;yes&#8221; link=&#8221;url:https%3A%2F%2Fassociaciopupila.org%2Findex.php%2Fpreguntes-i-respostes-violencies-masclistes%2F4-sento-que-vull-deixar-una-relacio-que-em-genera-molt-malestar-i-cada-cop-que-ho-intento-macaba-convencent-per-no-fer-ho-com-ho-puc-fer%2F|title:Vull%20deixar%20la%20relaci%C3%B3%20per%C3%B2%20no%20s%C3%A9%20com.%20Qu%C3%A8%20faig%3F&#8221;][vc_separator color=&#8221;custom&#8221; border_width=&#8221;2&#8243; accent_color=&#8221;#7472f0&#8243;][\/vc_column][\/vc_row][vc_row full_width=&#8221;stretch_row&#8221;][vc_column][vc_custom_heading text=&#8221;\u25b6\ufe0e No estic segura d&#8217;estar vivint viol\u00e8ncia masclista. Qui em pot ajudar?&#8221; font_container=&#8221;tag:h2|font_size:22|text_align:left|color:%23ffffff&#8221; use_theme_fonts=&#8221;yes&#8221; link=&#8221;url:https%3A%2F%2Fassociaciopupila.org%2Findex.php%2Fpreguntes-i-respostes-violencies-masclistes%2Fno-estic-molt-segura-destar-vivint-violencia-masclista-per-part-de-la-meva-parellaon-puc-anar-o-que-puc-fer%2F|title:No%20estic%20segura%20d%E2%80%99estar%20vivint%20viol%C3%A8ncia%20masclista.%20Qui%20em%20pot%20ajudar%3F&#8221;][vc_separator color=&#8221;custom&#8221; border_width=&#8221;2&#8243; accent_color=&#8221;#7472f0&#8243;][\/vc_column][\/vc_row][vc_row full_width=&#8221;stretch_row&#8221;][vc_column][vc_custom_heading text=&#8221;\u25b6\ufe0e He tingut diverses relacions de maltracte. Qu\u00e8 tinc? Per qu\u00e8 em passa a mi?&#8221; font_container=&#8221;tag:h2|font_size:22|text_align:left|color:%23ffffff&#8221; use_theme_fonts=&#8221;yes&#8221; link=&#8221;url:https%3A%2F%2Fassociaciopupila.org%2Findex.php%2Fpreguntes-i-respostes-violencies-masclistes%2Fhe-tingut-diverses-relacions-de-maltracte-que-tinc-per-que-em-passa-a-mi%2F|title:He%20tingut%20diverses%20relacions%20de%20maltracte.%20Qu%C3%A8%20tinc%3F%20Per%20qu%C3%A8%20em%20passa%20a%20mi%3F&#8221; css=&#8221;.vc_custom_1721121876047{margin-bottom: 40px !important;}&#8221;][\/vc_column][\/vc_row][\/vc_section][vc_section][vc_row full_width=&#8221;stretch_row&#8221; css=&#8221;.vc_custom_1719940148850{background-color: #ffffff !important;}&#8221;][vc_column][vc_separator color=&#8221;custom&#8221; style=&#8221;dashed&#8221; border_width=&#8221;4&#8243; accent_color=&#8221;#743199&#8243; css=&#8221;.vc_custom_1720015502310{margin-top: -15px !important;}&#8221;][vc_column_text css=&#8221;.vc_custom_1719947120235{margin-top: -5px !important;background-color: #ffffff !important;}&#8221;]<\/p>\n<h3 style=\"text-align: center;\"><span style=\"color: #7472f0;\"><strong>AFRONTAMENT I PROC\u00c9S DE RECUPERACI\u00d3:<\/strong><\/span><\/h3>\n<p>[\/vc_column_text][\/vc_column][\/vc_row][\/vc_section][vc_section full_width=&#8221;stretch_row&#8221; css=&#8221;.vc_custom_1719939063904{margin-top: -5px !important;background-color: #443697 !important;}&#8221;][vc_row full_width=&#8221;stretch_row&#8221;][vc_column][vc_custom_heading text=&#8221;\u25b6\ufe0e Estic en una relaci\u00f3 de viol\u00e8ncia. Qu\u00e8 puc fer?&#8221; font_container=&#8221;tag:h2|font_size:22|text_align:left|color:%23ffffff&#8221; use_theme_fonts=&#8221;yes&#8221; link=&#8221;url:https%3A%2F%2Fassociaciopupila.org%2Findex.php%2Fpreguntes-i-respostes-violencies-masclistes%2Festic-en-una-relacio-de-violencia-que-puc-fer%2F|title:Estic%20en%20una%20relaci%C3%B3%20de%20viol%C3%A8ncia.%20Qu%C3%A8%20puc%20fer%3F&#8221;][vc_separator color=&#8221;custom&#8221; border_width=&#8221;2&#8243; accent_color=&#8221;#7472f0&#8243;][\/vc_column][\/vc_row][vc_row full_width=&#8221;stretch_row&#8221;][vc_column][vc_custom_heading text=&#8221;\u25b6\ufe0e Una amiga\/familiar es troba en una situaci\u00f3 de viol\u00e8ncia masclista. Com la puc ajudar?&#8221; font_container=&#8221;tag:h2|font_size:22|text_align:left|color:%23ffffff&#8221; use_theme_fonts=&#8221;yes&#8221; link=&#8221;url:https%3A%2F%2Fassociaciopupila.org%2Findex.php%2Fpreguntes-i-respostes-violencies-masclistes%2Funa-amiga-familiar-es-troba-en-una-situacio-de-violencia-masclista-com-la-puc-ajudar%2F|title:Una%20amiga%2Ffamiliar%20es%20troba%20en%20una%20situaci%C3%B3%20de%20viol%C3%A8ncia%20masclista.%20Com%20la%20puc%20ajudar%3F&#8221;][vc_separator color=&#8221;custom&#8221; border_width=&#8221;2&#8243; accent_color=&#8221;#7472f0&#8243;][\/vc_column][\/vc_row][vc_row full_width=&#8221;stretch_row&#8221;][vc_column][vc_custom_heading text=&#8221;\u25b6\ufe0e Davant d&#8217;una agressi\u00f3 de viol\u00e8ncia masclista&#8230; Per qu\u00e8 \u00e9s tan dif\u00edcil demanar ajuda?&#8221; font_container=&#8221;tag:h2|font_size:22|text_align:left|color:%23ffffff&#8221; use_theme_fonts=&#8221;yes&#8221; link=&#8221;url:https%3A%2F%2Fassociaciopupila.org%2Findex.php%2Fpreguntes-i-respostes-violencies-masclistes%2Fdavant-duna-agressio-de-violencia-masclista-per-que-es-tan-dificil-demanar-ajuda%2F|title:Davant%20d%E2%80%99una%20agressi%C3%B3%20de%20viol%C3%A8ncia%20masclista%E2%80%A6%20Per%20qu%C3%A8%20%C3%A9s%20tan%20dificil%20demanar%20ajuda%3F&#8221;][vc_separator color=&#8221;custom&#8221; border_width=&#8221;2&#8243; accent_color=&#8221;#7472f0&#8243;][\/vc_column][\/vc_row][vc_row full_width=&#8221;stretch_row&#8221;][vc_column][vc_custom_heading text=&#8221;\u25b6\ufe0e Qu\u00e8 puc fer davant de les red flags (senyals d&#8217;alerta)?&#8221; font_container=&#8221;tag:h2|font_size:22|text_align:left|color:%23ffffff&#8221; use_theme_fonts=&#8221;yes&#8221; link=&#8221;url:https%3A%2F%2Fassociaciopupila.org%2Findex.php%2Fpreguntes-i-respostes-violencies-masclistes%2Fque-puc-fer-davant-de-les-red-flags-senyals-dalerta%2F|title:Qu%C3%A8%20puc%20fer%20davant%20de%20les%20red%20flags%20(senyals%20d%E2%80%99alerta)%3F&#8221;][vc_separator color=&#8221;custom&#8221; border_width=&#8221;2&#8243; accent_color=&#8221;#7472f0&#8243;][\/vc_column][\/vc_row][vc_row full_width=&#8221;stretch_row&#8221;][vc_column][vc_custom_heading text=&#8221;\u25b6\ufe0e Tinc por. Tantes not\u00edcies d&#8217;agressions sexuals fa que em senti en perill constant. Com ho gestiono?&#8221; font_container=&#8221;tag:h2|font_size:22|text_align:left|color:%23ffffff&#8221; use_theme_fonts=&#8221;yes&#8221; link=&#8221;url:https%3A%2F%2Fassociaciopupila.org%2Findex.php%2Fpreguntes-i-respostes-violencies-masclistes%2Ftinc-por-tantes-noticies-dagressions-sexuals-fa-que-em-senti-en-perill-constant-com-ho-gestiono%2F|title:Tinc%20por.%20Tantes%20not%C3%ADcies%20d%E2%80%99agressions%20sexuals%20fa%20que%20em%20senti%20en%20perill%20constant.%20Com%20ho%20gestiono%3F&#8221;][vc_separator color=&#8221;custom&#8221; border_width=&#8221;2&#8243; accent_color=&#8221;#7472f0&#8243;][\/vc_column][\/vc_row][vc_row full_width=&#8221;stretch_row&#8221;][vc_column][vc_custom_heading text=&#8221;\u25b6\ufe0e He viscut una agressi\u00f3 sexual i no paro de preguntar-me: Per qu\u00e8 m&#8217;ha passat a mi?&#8221; font_container=&#8221;tag:h2|font_size:22|text_align:left|color:%23ffffff&#8221; use_theme_fonts=&#8221;yes&#8221; link=&#8221;url:https%3A%2F%2Fassociaciopupila.org%2Findex.php%2Fpreguntes-i-respostes-violencies-masclistes%2Fhe-viscut-una-agressio-sexual-i-no-paro-de-preguntar-me-per-que-mha-passat-a-mi%2F|title:He%20viscut%20una%20agressi%C3%B3%20sexual%20i%20no%20paro%20de%20preguntar-me%3A%20Per%20qu%C3%A8%20m%E2%80%99ha%20passat%20a%20mi%3F&#8221;][vc_separator color=&#8221;custom&#8221; border_width=&#8221;2&#8243; accent_color=&#8221;#7472f0&#8243;][\/vc_column][\/vc_row][vc_row full_width=&#8221;stretch_row&#8221;][vc_column][vc_custom_heading text=&#8221;\u25b6\ufe0e Com vaig &#8220;trigar tant&#8220; a adonar-me que havia viscut un ab\u00fas?&#8221; font_container=&#8221;tag:h2|font_size:22|text_align:left|color:%23ffffff&#8221; use_theme_fonts=&#8221;yes&#8221; link=&#8221;url:https%3A%2F%2Fassociaciopupila.org%2Findex.php%2Fpreguntes-i-respostes-violencies-masclistes%2Fcom-vaig-poder-trigar-tant-a-adonar-me-que-havia-viscut-un-abus%2F|title:Com%20vaig%20poder%20%E2%80%9Ctrigar%20tant%E2%80%9D%20a%20adonar-me%20que%20havia%20viscut%20un%20ab%C3%BAs%3F&#8221;][vc_separator color=&#8221;custom&#8221; border_width=&#8221;2&#8243; accent_color=&#8221;#7472f0&#8243;][\/vc_column][\/vc_row][vc_row full_width=&#8221;stretch_row&#8221;][vc_column][vc_custom_heading text=&#8221;\u25b6\ufe0e Si fa &#8220;tant&#8220; de temps que va passar&#8230; Per qu\u00e8 encara m&#8217;afecta aix\u00ed?&#8221; font_container=&#8221;tag:h2|font_size:22|text_align:left|color:%23ffffff&#8221; use_theme_fonts=&#8221;yes&#8221; link=&#8221;url:https%3A%2F%2Fassociaciopupila.org%2Findex.php%2Fpreguntes-i-respostes-violencies-masclistes%2Fsi-fa-tant-de-temps-que-va-passar-per-que-encara-mafecta-aixi%2F|title:Si%20fa%20%E2%80%9Ctant%E2%80%9D%20de%20temps%20que%20va%20passar%E2%80%A6%20Per%20qu%C3%A8%20encara%20m%E2%80%99afecta%20aix%C3%AD%3F&#8221;][vc_separator color=&#8221;custom&#8221; border_width=&#8221;2&#8243; accent_color=&#8221;#7472f0&#8243;][\/vc_column][\/vc_row][vc_row full_width=&#8221;stretch_row&#8221;][vc_column][vc_custom_heading text=&#8221;\u25b6\ufe0e Si no va ser &#8220;tan greu&#8220;&#8230; Per qu\u00e8 encara m&#8217;afecta aix\u00ed?&#8221; font_container=&#8221;tag:h2|font_size:22|text_align:left|color:%23ffffff&#8221; use_theme_fonts=&#8221;yes&#8221; link=&#8221;url:https%3A%2F%2Fassociaciopupila.org%2Findex.php%2Fpreguntes-i-respostes-violencies-masclistes%2Fsi-no-va-ser-tan-greu-per-que-encara-mafecta-aixi%2F|title:Si%20no%20va%20ser%20%E2%80%9Ctan%20greu%E2%80%9D%E2%80%A6%20Per%20qu%C3%A8%20encara%20m%E2%80%99afecta%20aix%C3%AD%3F&#8221;][vc_separator color=&#8221;custom&#8221; border_width=&#8221;2&#8243; accent_color=&#8221;#7472f0&#8243;][\/vc_column][\/vc_row][\/vc_section][vc_section full_width=&#8221;stretch_row&#8221; css=&#8221;.vc_custom_1720015835400{background-color: #743180 !important;}&#8221;][vc_row css=&#8221;.vc_custom_1719916983723{margin-top: 40px !important;}&#8221;][vc_column][vc_column_text css=&#8221;.vc_custom_1719917225633{margin-right: 20px !important;margin-left: 20px !important;}&#8221;]<\/p>\n<h2 class=\"has-text-align-center has-text-color\" style=\"color: #121212; text-align: center;\"><span style=\"color: #ffffff;\">A trav\u00e9s del f\u00f2rum, pots compartir les teves experi\u00e8ncies i trobar suport entre iguals<\/span><\/h2>\n<p>[\/vc_column_text][\/vc_column][\/vc_row][vc_row css=&#8221;.vc_custom_1719917021949{margin-bottom: 50px !important;}&#8221;][vc_column css=&#8221;.vc_custom_1719917037358{margin-top: -10px !important;}&#8221;][vc_btn title=&#8221;PARTICIPA AL F\u00d2RUM&#8221; style=&#8221;outline&#8221; shape=&#8221;square&#8221; color=&#8221;white&#8221; size=&#8221;lg&#8221; align=&#8221;center&#8221; link=&#8221;url:https%3A%2F%2Fassociaciopupila.org%2Findex.php%2Fforum%2F&#8221;][\/vc_column][\/vc_row][\/vc_section]<\/p>\n<\/div>","protected":false},"excerpt":{"rendered":"<p>[vc_section full_width=&#8221;stretch_row&#8221; css=&#8221;.vc_custom_1720016048050{background-color: #ededfc !important;}&#8221;][vc_row css=&#8221;.vc_custom_1719939998260{margin-top: 20px !important;margin-bottom: 20px !important;}&#8221;][vc_column css=&#8221;.vc_custom_1719939238132{margin-top: -2px !important;}&#8221;][vc_column_text css=&#8221;.vc_custom_1719939917076{margin-top: -10px !important;}&#8221;] Les viol\u00e8ncies masclistes s\u00f3n diverses i ens afecten de formes diferents [\/vc_column_text][vc_column_text css=&#8221;.vc_custom_1719940340644{margin-top: -20px !important;border-bottom-width: -5px !important;padding-bottom: -5px !important;}&#8221;] A continuaci\u00f3 donem resposta a algunes de les preguntes m\u00e9s freq\u00fcents: [\/vc_column_text][\/vc_column][\/vc_row][\/vc_section][vc_row full_width=&#8221;stretch_row&#8221; css=&#8221;.vc_custom_1719940148850{background-color: #ffffff !important;}&#8221;][vc_column css=&#8221;.vc_custom_1719940222361{margin-top: -35px !important;}&#8221;][vc_separator color=&#8221;custom&#8221;&hellip;&nbsp;<a href=\"https:\/\/associaciopupila.org\/index.php\/preguntes-i-respostes-violencies-masclistes\/\" class=\"\" rel=\"bookmark\">Llegiu m\u00e9s &raquo;<span class=\"screen-reader-text\">Preguntes i respostes<\/span><\/a><\/p>\n","protected":false},"author":1,"featured_media":0,"parent":0,"menu_order":0,"comment_status":"closed","ping_status":"closed","template":"","meta":{"_bbp_topic_count":0,"_bbp_reply_count":0,"_bbp_total_topic_count":0,"_bbp_total_reply_count":0,"_bbp_voice_count":0,"_bbp_anonymous_reply_count":0,"_bbp_topic_count_hidden":0,"_bbp_reply_count_hidden":0,"_bbp_forum_subforum_count":0,"neve_meta_sidebar":"","neve_meta_container":"","neve_meta_enable_content_width":"off","neve_meta_content_width":100,"neve_meta_title_alignment":"","neve_meta_author_avatar":"","neve_post_elements_order":"","neve_meta_disable_header":"","neve_meta_disable_footer":"","neve_meta_disable_title":"on","_themeisle_gutenberg_block_has_review":false,"footnotes":""},"class_list":["post-869","page","type-page","status-publish","hentry"],"_links":{"self":[{"href":"https:\/\/associaciopupila.org\/index.php\/wp-json\/wp\/v2\/pages\/869","targetHints":{"allow":["GET"]}}],"collection":[{"href":"https:\/\/associaciopupila.org\/index.php\/wp-json\/wp\/v2\/pages"}],"about":[{"href":"https:\/\/associaciopupila.org\/index.php\/wp-json\/wp\/v2\/types\/page"}],"author":[{"embeddable":true,"href":"https:\/\/associaciopupila.org\/index.php\/wp-json\/wp\/v2\/users\/1"}],"replies":[{"embeddable":true,"href":"https:\/\/associaciopupila.org\/index.php\/wp-json\/wp\/v2\/comments?post=869"}],"version-history":[{"count":180,"href":"https:\/\/associaciopupila.org\/index.php\/wp-json\/wp\/v2\/pages\/869\/revisions"}],"predecessor-version":[{"id":1659,"href":"https:\/\/associaciopupila.org\/index.php\/wp-json\/wp\/v2\/pages\/869\/revisions\/1659"}],"wp:attachment":[{"href":"https:\/\/associaciopupila.org\/index.php\/wp-json\/wp\/v2\/media?parent=869"}],"curies":[{"name":"wp","href":"https:\/\/api.w.org\/{rel}","templated":true}]}}